{"id":11182,"date":"2025-12-13T17:18:11","date_gmt":"2025-12-13T17:18:11","guid":{"rendered":"https:\/\/www.retrobuddys.com\/shop\/sin%20categor\u00eda\/hd-64-de-spl-hdmi-real-para-c-64-nuevo\/"},"modified":"2026-04-20T08:01:02","modified_gmt":"2026-04-20T08:01:02","slug":"hd-64-de-spl-hdmi-real-para-c-64-nuevo","status":"publish","type":"product","link":"https:\/\/www.retrobuddys.com\/es\/shop\/c64\/hd-64-de-spl-hdmi-real-para-c-64-nuevo\/","title":{"rendered":"HD-64 de SPL - HDMI real para C-64 *nuevo*."},"content":{"rendered":"<p>El SPL HD-64 es un sustituto del modulador RF para el ordenador Commodore 64 que incorpora una salida de v\u00eddeo y audio micro HDMI Full HD 50\/60 Hz. Es importante tener en cuenta que el HD-64 no sustituye al VIC-II, que a\u00fan debe montarse en la placa base. <\/p>\n<p>En lugar de digitalizar la se\u00f1al de v\u00eddeo anal\u00f3gica del VIC, el HD-64 \u00abolfatea\u00bb el bus de memoria del C64 y genera una salida de v\u00eddeo perfecta en p\u00edxeles utilizando una emulaci\u00f3n implementada en FPGA. A continuaci\u00f3n, el v\u00eddeo reconstruido se reescala a resoluci\u00f3n Full HD, se fusiona con el audio digitalizado del SID y se emite como HDMI. <\/p>\n<p><span style=\"font-size: 105%; color: #ed1c24;\"><strong>Atenci\u00f3n: se requieren conocimientos de soldadura y desoldadura de buenos a muy buenos. El m\u00f3dulo *no* es \u00abPlug&amp;Play\u00bb y si s\u00f3lo sabes soldar un poco o no tienes experiencia, \u00a1es mejor que nosotros instalemos el m\u00f3dulo! <\/strong><\/span><\/p>\n<p>Aqu\u00ed tienes un v\u00eddeo muy bonito de FrankyByte sobre la instalaci\u00f3n =&gt; <a href=\"https:\/\/www.youtube.com\/watch?v=KjwgQKW5zSw\" target=\"_blank\" rel=\"noopener\">https:\/\/www.youtube.com\/watch?v=KjwgQKW5zSw<\/a><\/p>\n<p>Funciones:<\/p>\n<ul>\n<li>Sustituye al modulador est\u00e1ndar.<\/li>\n<li>Salida Micro-HDMI a trav\u00e9s de la abertura RF de la carcasa<\/li>\n<li>Salida HDMI Full HD (50 para PAL, 60 para NTSC) con audio est\u00e9reo<\/li>\n<li>&lt;  1 ms de latencia<\/li>\n<li>Paleta de colores configurable, l\u00edneas de exploraci\u00f3n, \u00abdesenfoque\u00bb (o \u00abantialiasing\u00bb), relaci\u00f3n de aspecto, audio mono est\u00e9reo<\/li>\n<li>Conversi\u00f3n de audio anal\u00f3gico a digital para hasta dos canales SID<\/li>\n<li>Reconocimiento autom\u00e1tico PAL\/NTSC<\/li>\n<li>Compatible con todas las placas base originales (incluida la shortboard)<\/li>\n<li>La versi\u00f3n shortboard se alimenta a trav\u00e9s de las clavijas moduladoras originales, la longboard requiere un cable adicional.<\/li>\n<li>El v\u00eddeo anal\u00f3gico sigue disponible a trav\u00e9s de la conexi\u00f3n AV, tanto compuesto como S-v\u00eddeo<\/li>\n<li>Voltaje de S-V\u00eddeo corregido para que funcione en cualquier CRT est\u00e1ndar (que admita S-V\u00eddeo)<\/li>\n<li>Actualizaciones de firmware mediante USB-C<\/li>\n<li>Funciones futuras en las que ya se est\u00e1 trabajando: escalado configurable (escalado entero, sobreescaneado)<\/li>\n<\/ul>\n<p>El kit HD-64 contiene las siguientes piezas:<\/p>\n<ul>\n<li>1x placa base HD-64<\/li>\n<li>1x intercalador VIC-II (adaptador intermedio)<\/li>\n<li>4 separadores M3 de 10 mm (con tuercas)<\/li>\n<li>2 conectores macho de 4 patillas (macho)<\/li>\n<li>2 conectores hembra de 4 patillas (hembra)<\/li>\n<li>1x base plana \u00absacrificable\u00bb VIC-II<\/li>\n<\/ul>\n<p>Se pueden pedir como opci\u00f3n tomas VIC adicionales (2&#215;20 clavijas de m\u00e1quina torneadas) e intercaladores.<\/p>\n<p>Si quieres instalar el kit en tu C-64, funciona de la siguiente manera:<\/p>\n<ol>\n<li>Por favor, graba un v\u00eddeo de tu C-64 en funcionamiento y haz algunas fotos y env\u00edanoslas por correo electr\u00f3nico. Ten en cuenta que, preferiblemente, el C-64 no debe estar modificado por dentro. Si tiene peque\u00f1os desperfectos, s\u00e9 justo e incl\u00fayelos en las fotos.  <\/li>\n<li>Embalas tu C-64 de forma segura y nos lo env\u00edas por DHL (\u00a1importante! nada de Hermes\/UPS\/DPD - estos remitentes juegan al f\u00fatbol con los paquetes). Por favor, no env\u00edes ropa sucia, envases de comida o similares (s\u00ed, ya hemos recibido cosas as\u00ed&#8230;) <\/li>\n<li>En cuanto llega, hacemos fotos y lo probamos.<\/li>\n<li>Instalamos la extensi\u00f3n, la probamos, hacemos fotos y un v\u00eddeo.<\/li>\n<li>Te enviaremos el C-64 por DHL. Comprueba que el embalaje no est\u00e9 da\u00f1ado. Intentaremos utilizar tu embalaje.  <\/li>\n<li>Duraci\u00f3n seg\u00fan lo que tengamos que hacer aprox. 1 semana + env\u00edo.<\/li>\n<\/ol>\n<p>Tras la compra, recibir\u00e1s las instrucciones por correo electr\u00f3nico.<\/p>\n<p>&nbsp;<\/p>\n","protected":false},"excerpt":{"rendered":"<h4><\/h4>\n","protected":false},"featured_media":11183,"template":"","meta":[],"product_brand":[],"product_cat":[825,800],"product_tag":[1042,827,795],"class_list":{"0":"post-11182","1":"product","2":"type-product","3":"status-publish","4":"has-post-thumbnail","6":"product_cat-c64","7":"product_cat-rgb2hdmi","8":"product_tag-c-64","9":"product_tag-c64","10":"product_tag-hdmi-es","11":"product_shipping_class-dhl-es","13":"first","14":"instock","15":"taxable","16":"shipping-taxable","17":"purchasable","18":"product-type-variable","19":"has-default-attributes"},"origins":[],"jetpack_sharing_enabled":true,"_links":{"self":[{"href":"https:\/\/www.retrobuddys.com\/es\/wp-json\/wp\/v2\/product\/11182","targetHints":{"allow":["GET"]}}],"collection":[{"href":"https:\/\/www.retrobuddys.com\/es\/wp-json\/wp\/v2\/product"}],"about":[{"href":"https:\/\/www.retrobuddys.com\/es\/wp-json\/wp\/v2\/types\/product"}],"wp:featuredmedia":[{"embeddable":true,"href":"https:\/\/www.retrobuddys.com\/es\/wp-json\/wp\/v2\/media\/11183"}],"wp:attachment":[{"href":"https:\/\/www.retrobuddys.com\/es\/wp-json\/wp\/v2\/media?parent=11182"}],"wp:term":[{"taxonomy":"product_brand","embeddable":true,"href":"https:\/\/www.retrobuddys.com\/es\/wp-json\/wp\/v2\/product_brand?post=11182"},{"taxonomy":"product_cat","embeddable":true,"href":"https:\/\/www.retrobuddys.com\/es\/wp-json\/wp\/v2\/product_cat?post=11182"},{"taxonomy":"product_tag","embeddable":true,"href":"https:\/\/www.retrobuddys.com\/es\/wp-json\/wp\/v2\/product_tag?post=11182"}],"curies":[{"name":"wp","href":"https:\/\/api.w.org\/{rel}","templated":true}]}}