{"id":11151,"date":"2025-12-13T14:32:20","date_gmt":"2025-12-13T14:32:20","guid":{"rendered":"https:\/\/www.retrobuddys.com\/shop\/sin%20categor\u00eda\/el-quickshot-ii\/"},"modified":"2026-02-23T12:31:34","modified_gmt":"2026-02-23T12:31:34","slug":"el-quickshot-ii","status":"publish","type":"product","link":"https:\/\/www.retrobuddys.com\/es\/shop\/hardware-para-juegos-retro\/el-quickshot-ii\/","title":{"rendered":"El QUICKSHOT II"},"content":{"rendered":"<p>Conquista las listas de mejores puntuaciones con EL QUICKSHOT II, un joystick de 8 botones con funci\u00f3n de disparo r\u00e1pido y r\u00f3tula de precisi\u00f3n para un control de 8 direcciones.<br \/>\nGracias al dise\u00f1o de microinterruptor, las ventosas estabilizadoras y el generoso cable de 1,8 m, podr\u00e1s disfrutar de una fiabilidad y precisi\u00f3n absolutas. EL QUICKSHOT II es el compa\u00f1ero plug-and-play perfecto para cada sesi\u00f3n de juego. <\/p>\n<ul>\n<li>Ocho botones de acci\u00f3n y funci\u00f3n: dos botones de disparo y seis botones de funci\u00f3n ofrecen una funcionalidad completa de gamepad.<\/li>\n<li>R\u00f3tula con movimiento flotante - Movimiento sin fisuras en ocho grados de libertad<\/li>\n<li>Totalmente equipado con microinterruptores - Gracias a los precisos microinterruptores para el control de direcci\u00f3n del joystick y los botones de disparo, nunca perder\u00e1s una entrada.<\/li>\n<li>Funci\u00f3n de disparo autom\u00e1tico - Consigue puntuaciones altas en el modo de disparo autom\u00e1tico r\u00e1pido.<\/li>\n<li>Empu\u00f1adura ergon\u00f3mica - Juega c\u00f3modamente gracias a su estudiado dise\u00f1o ergon\u00f3mico.<\/li>\n<li>Ventosas estabilizadoras - Ventosas estabilizadoras para jugar f\u00e1cilmente con una mano<\/li>\n<li>Plug-and-Play - Utiliza el joystick THEQUICKSHOT II con los juegos y sistemas inform\u00e1ticos m\u00e1s populares.<\/li>\n<li>Longitud de cable generosa - Incluye un cable USB-A de 1,8 m - \u00a1perfecto para cualquier configuraci\u00f3n! Contenido: Joystick USB THEQUICKSHOT II con ocho botones<\/li>\n<\/ul>\n","protected":false},"excerpt":{"rendered":"<p><span style=\"font-size: 105%; color: #ed1c24;\"><strong>\u00a1Se acabaron los quickshots! (y no hay m\u00e1s por venir) <\/strong><\/span><\/p>\n","protected":false},"featured_media":11152,"template":"","meta":[],"product_brand":[924],"product_cat":[937],"product_tag":[1038,939,1035],"class_list":{"0":"post-11151","1":"product","2":"type-product","3":"status-publish","4":"has-post-thumbnail","6":"product_brand-retro-games","7":"product_cat-hardware-para-juegos-retro","8":"product_tag-joystick","9":"product_tag-juegos-retro","10":"product_tag-quickshot","11":"product_shipping_class-dhl-es","13":"first","14":"outofstock","15":"taxable","16":"shipping-taxable","17":"purchasable","18":"product-type-simple"},"origins":[],"jetpack_sharing_enabled":true,"_links":{"self":[{"href":"https:\/\/www.retrobuddys.com\/es\/wp-json\/wp\/v2\/product\/11151","targetHints":{"allow":["GET"]}}],"collection":[{"href":"https:\/\/www.retrobuddys.com\/es\/wp-json\/wp\/v2\/product"}],"about":[{"href":"https:\/\/www.retrobuddys.com\/es\/wp-json\/wp\/v2\/types\/product"}],"wp:featuredmedia":[{"embeddable":true,"href":"https:\/\/www.retrobuddys.com\/es\/wp-json\/wp\/v2\/media\/11152"}],"wp:attachment":[{"href":"https:\/\/www.retrobuddys.com\/es\/wp-json\/wp\/v2\/media?parent=11151"}],"wp:term":[{"taxonomy":"product_brand","embeddable":true,"href":"https:\/\/www.retrobuddys.com\/es\/wp-json\/wp\/v2\/product_brand?post=11151"},{"taxonomy":"product_cat","embeddable":true,"href":"https:\/\/www.retrobuddys.com\/es\/wp-json\/wp\/v2\/product_cat?post=11151"},{"taxonomy":"product_tag","embeddable":true,"href":"https:\/\/www.retrobuddys.com\/es\/wp-json\/wp\/v2\/product_tag?post=11151"}],"curies":[{"name":"wp","href":"https:\/\/api.w.org\/{rel}","templated":true}]}}