{"id":10911,"date":"2025-12-03T14:01:50","date_gmt":"2025-12-03T14:01:50","guid":{"rendered":"https:\/\/www.retrobuddys.com\/?post_type=product&#038;p=10911"},"modified":"2025-12-03T14:04:38","modified_gmt":"2025-12-03T14:04:38","slug":"tomb-raider-collection-1-cartucho-kopie","status":"publish","type":"product","link":"https:\/\/www.retrobuddys.com\/es\/shop\/blaze-evercade\/cartuchos\/tomb-raider-collection-1-cartucho-kopie\/","title":{"rendered":"Cartucho Tomb Raider Collection 2"},"content":{"rendered":"<div class=\"productdetail rounded shadow notice campaign de\">\n<div class=\"rounded productcontent\">\n<div class=\"gradient\">\n<div class=\"tabfolder rounded shadow clear\">\n<div id=\"desc\" class=\"rounded active\">\n<p>La cuarta y quinta entrega de Tomb Raider llegan a Evercade. \u00danete a la intr\u00e9pida arque\u00f3loga Lara Croft en sus aventuras de plataformas en 32 bits con puzles ambientales, mec\u00e1nicas de shooter en tercera persona y un dise\u00f1o de niveles legendario. Tambi\u00e9n incluye un nivel extra de Tomb Raider: The Last Revelation, originalmente s\u00f3lo disponible como demo jugable exclusiva para PC.  <\/p>\n<p>- Manual en color incluido<br \/>\n- Nuevo formato de cartucho Giga Cart Evercade con m\u00e1s espacio para juegos m\u00e1s grandes<br \/>\n- G\u00e9neros: Aventura<br \/>\n- Compatible con todos los dispositivos Evercade (Handheld, Evercade VS, Evercade VS-R, Evercade EXP, Evercade EXP-R, Evercade Alpha) y consolas Super Pocket.<\/p>\n<p>Se incluyen los siguientes juegos:<br \/>\n1. The Last Revelation (1999)<br \/>\n2. Tomb Raider Chronicles (2000)<\/p>\n<p>Nota: Para sacar el m\u00e1ximo partido a este cartucho, es posible que tu sistema Evercade necesite una actualizaci\u00f3n del firmware a la \u00faltima versi\u00f3n.<br \/>\nNota: La consola no est\u00e1 incluida.<\/p>\n<\/div>\n<\/div>\n<\/div>\n<\/div>\n<\/div>\n<div class=\"similarproducts cat rounded shadow full nospace\">\n<div id=\"similarproducts\" class=\"rounded\"><\/div>\n<\/div>\n","protected":false},"excerpt":{"rendered":"<p>\u00a1Pedido anticipado! \u00a1Lanzamiento previsto el 27.02.2026! <\/p>\n","protected":false},"featured_media":10922,"template":"","meta":[],"product_brand":[955],"product_cat":[966,1002],"product_tag":[990,969,843,989],"class_list":{"0":"post-10911","1":"product","2":"type-product","3":"status-publish","4":"has-post-thumbnail","6":"product_brand-blaze-entertainment","7":"product_cat-blaze-evercade","8":"product_cat-cartuchos","9":"product_tag-arcade","10":"product_tag-blaze","11":"product_tag-cartucho","12":"product_tag-evercade","13":"product_shipping_class-maxibrief-es","15":"first","16":"instock","17":"taxable","18":"shipping-taxable","19":"purchasable","20":"product-type-simple"},"jetpack_sharing_enabled":true,"_links":{"self":[{"href":"https:\/\/www.retrobuddys.com\/es\/wp-json\/wp\/v2\/product\/10911","targetHints":{"allow":["GET"]}}],"collection":[{"href":"https:\/\/www.retrobuddys.com\/es\/wp-json\/wp\/v2\/product"}],"about":[{"href":"https:\/\/www.retrobuddys.com\/es\/wp-json\/wp\/v2\/types\/product"}],"wp:featuredmedia":[{"embeddable":true,"href":"https:\/\/www.retrobuddys.com\/es\/wp-json\/wp\/v2\/media\/10922"}],"wp:attachment":[{"href":"https:\/\/www.retrobuddys.com\/es\/wp-json\/wp\/v2\/media?parent=10911"}],"wp:term":[{"taxonomy":"product_brand","embeddable":true,"href":"https:\/\/www.retrobuddys.com\/es\/wp-json\/wp\/v2\/product_brand?post=10911"},{"taxonomy":"product_cat","embeddable":true,"href":"https:\/\/www.retrobuddys.com\/es\/wp-json\/wp\/v2\/product_cat?post=10911"},{"taxonomy":"product_tag","embeddable":true,"href":"https:\/\/www.retrobuddys.com\/es\/wp-json\/wp\/v2\/product_tag?post=10911"}],"curies":[{"name":"wp","href":"https:\/\/api.w.org\/{rel}","templated":true}]}}