{"id":10876,"date":"2025-12-03T13:58:24","date_gmt":"2025-12-03T13:58:24","guid":{"rendered":"https:\/\/www.retrobuddys.com\/?post_type=product&#038;p=10876"},"modified":"2025-12-03T14:01:28","modified_gmt":"2025-12-03T14:01:28","slug":"cartucho-atari-arcade-collection-2-kopie-2","status":"publish","type":"product","link":"https:\/\/www.retrobuddys.com\/es\/shop\/blaze-evercade\/cartuchos\/cartucho-atari-arcade-collection-2-kopie-2\/","title":{"rendered":"Tomb Raider Collection 1 Cartucho"},"content":{"rendered":"<div class=\"productdetail rounded shadow notice campaign de\">\n<div class=\"rounded productcontent\">\n<div class=\"gradient\">\n<div class=\"tabfolder rounded shadow clear\">\n<div id=\"desc\" class=\"rounded active\">\n<p>\u00a1Juega a los tres primeros juegos de la \u00e9pica serie en un solo cartucho f\u00edsico! \u00danete a Lara Croft en sus primeras aventuras en su forma original de consola de 32 bits. Con Tomb Raider Collection 1, los fans de Evercade podr\u00e1n jugar a estos incre\u00edbles t\u00edtulos de fama mundial en su dispositivo desde un cartucho f\u00edsico. \u00a1Visita lugares ex\u00f3ticos de todo el mundo y descubre artefactos, peligros y aventuras! Compatible con todos los dispositivos Evercade (Handheld, Evercade VS, Evercade VS-R, Evercade EXP, Evercade EXP-R) y consolas Super Pocket. Es posible que tu sistema Evercade necesite una actualizaci\u00f3n del firmware a la \u00faltima versi\u00f3n para sacar el m\u00e1ximo partido a este cartucho.     <\/p>\n<p>- Manual a todo color que incluye<br \/>\n- G\u00e9nero: Aventura<br \/>\n- Compatible con todo el hardware Evercade<\/p>\n<p>Se incluyen los siguientes juegos:<br \/>\n1. Tomb Raider<br \/>\n2. Tomb Raider II. Tomb Raider II: Protagonizado por Lara Croft<br \/>\n3. Tomb Raider III: Aventuras de Lara Croft<\/p>\n<p>Nota: La consola no est\u00e1 incluida.<\/p>\n<\/div>\n<\/div>\n<\/div>\n<\/div>\n<\/div>\n<div class=\"similarproducts cat rounded shadow full nospace\">\n<div id=\"similarproducts\" class=\"rounded\"><\/div>\n<\/div>\n","protected":false},"excerpt":{"rendered":"<p>\u00a1Pedido anticipado! \u00a1Lanzamiento previsto el 27.02.2026! <\/p>\n","protected":false},"featured_media":10886,"template":"","meta":[],"product_brand":[955],"product_cat":[966,1002],"product_tag":[990,969,843,989],"class_list":{"0":"post-10876","1":"product","2":"type-product","3":"status-publish","4":"has-post-thumbnail","6":"product_brand-blaze-entertainment","7":"product_cat-blaze-evercade","8":"product_cat-cartuchos","9":"product_tag-arcade","10":"product_tag-blaze","11":"product_tag-cartucho","12":"product_tag-evercade","13":"product_shipping_class-maxibrief-es","15":"first","16":"instock","17":"taxable","18":"shipping-taxable","19":"purchasable","20":"product-type-simple"},"jetpack_sharing_enabled":true,"_links":{"self":[{"href":"https:\/\/www.retrobuddys.com\/es\/wp-json\/wp\/v2\/product\/10876","targetHints":{"allow":["GET"]}}],"collection":[{"href":"https:\/\/www.retrobuddys.com\/es\/wp-json\/wp\/v2\/product"}],"about":[{"href":"https:\/\/www.retrobuddys.com\/es\/wp-json\/wp\/v2\/types\/product"}],"wp:featuredmedia":[{"embeddable":true,"href":"https:\/\/www.retrobuddys.com\/es\/wp-json\/wp\/v2\/media\/10886"}],"wp:attachment":[{"href":"https:\/\/www.retrobuddys.com\/es\/wp-json\/wp\/v2\/media?parent=10876"}],"wp:term":[{"taxonomy":"product_brand","embeddable":true,"href":"https:\/\/www.retrobuddys.com\/es\/wp-json\/wp\/v2\/product_brand?post=10876"},{"taxonomy":"product_cat","embeddable":true,"href":"https:\/\/www.retrobuddys.com\/es\/wp-json\/wp\/v2\/product_cat?post=10876"},{"taxonomy":"product_tag","embeddable":true,"href":"https:\/\/www.retrobuddys.com\/es\/wp-json\/wp\/v2\/product_tag?post=10876"}],"curies":[{"name":"wp","href":"https:\/\/api.w.org\/{rel}","templated":true}]}}