{"id":10801,"date":"2025-12-03T13:51:22","date_gmt":"2025-12-03T13:51:22","guid":{"rendered":"https:\/\/www.retrobuddys.com\/?post_type=product&#038;p=10801"},"modified":"2025-12-03T13:53:38","modified_gmt":"2025-12-03T13:53:38","slug":"cartucho-taito-arcade-collection-2-kopie-2","status":"publish","type":"product","link":"https:\/\/www.retrobuddys.com\/es\/shop\/blaze-evercade\/cartuchos\/cartucho-taito-arcade-collection-2-kopie-2\/","title":{"rendered":"Cartucho ATARI Arcade Collection 2"},"content":{"rendered":"<div class=\"productdetail rounded shadow notice campaign de\">\n<div class=\"rounded productcontent\">\n<div class=\"gradient\">\n<div class=\"tabfolder rounded shadow clear\">\n<div id=\"desc\" class=\"rounded active\">\n<p>\u00bfQuieres saborear la nostalgia de 10 cl\u00e1sicos de Atari de principios de los 80? La Colecci\u00f3n Arcade Atari 2 llega a los sistemas Evercade, incluyendo el legendario Berzerk y su secuela Frenzy, as\u00ed como favoritos de culto como Maze Invaders, Fire Truck y muchos m\u00e1s.<br \/>\n- Manual a todo color que incluye<br \/>\n- G\u00e9neros: Acci\u00f3n, Shoot&#8217;em up, Conducci\u00f3n y Carreras<br \/>\n- Compatible con todos los dispositivos Evercade (Handheld, Evercade VS, Evercade VS-R, Evercade EXP, Evercade EXP-R, Evercade Alpha) y consolas Super Pocket. <\/p>\n<p>Se incluyen los siguientes juegos:<br \/>\n1. Berzerk<br \/>\n2. Frenes\u00ed  Frenes\u00ed<br \/>\n3. Tumba Perdida<br \/>\n4. Campo de minas<br \/>\n5. Guerra Lunar<br \/>\n6. Rescate<br \/>\n7. Tazz-Man\u00eda<br \/>\n8. Cami\u00f3n de Bomberos<br \/>\n9. Planeta Oscuro<br \/>\n10. Invasores del Laberinto<\/p>\n<p>Nota: Para sacar el m\u00e1ximo partido a este cartucho, es posible que tu sistema Evercade necesite una actualizaci\u00f3n del firmware a la \u00faltima versi\u00f3n.<br \/>\nNota: La consola no est\u00e1 incluida.<\/p>\n<\/div>\n<\/div>\n<\/div>\n<\/div>\n<\/div>\n<div class=\"similarproducts cat rounded shadow full nospace\">\n<div id=\"similarproducts\" class=\"rounded\"><\/div>\n<\/div>\n","protected":false},"excerpt":{"rendered":"<p>\u00a1Pedido anticipado! \u00a1Lanzamiento previsto el 27.02.2026! <\/p>\n","protected":false},"featured_media":10812,"template":"","meta":[],"product_brand":[955],"product_cat":[966,1002],"product_tag":[990,969,843,989],"class_list":{"0":"post-10801","1":"product","2":"type-product","3":"status-publish","4":"has-post-thumbnail","6":"product_brand-blaze-entertainment","7":"product_cat-blaze-evercade","8":"product_cat-cartuchos","9":"product_tag-arcade","10":"product_tag-blaze","11":"product_tag-cartucho","12":"product_tag-evercade","13":"product_shipping_class-maxibrief-es","15":"first","16":"instock","17":"taxable","18":"shipping-taxable","19":"purchasable","20":"product-type-simple"},"jetpack_sharing_enabled":true,"_links":{"self":[{"href":"https:\/\/www.retrobuddys.com\/es\/wp-json\/wp\/v2\/product\/10801","targetHints":{"allow":["GET"]}}],"collection":[{"href":"https:\/\/www.retrobuddys.com\/es\/wp-json\/wp\/v2\/product"}],"about":[{"href":"https:\/\/www.retrobuddys.com\/es\/wp-json\/wp\/v2\/types\/product"}],"wp:featuredmedia":[{"embeddable":true,"href":"https:\/\/www.retrobuddys.com\/es\/wp-json\/wp\/v2\/media\/10812"}],"wp:attachment":[{"href":"https:\/\/www.retrobuddys.com\/es\/wp-json\/wp\/v2\/media?parent=10801"}],"wp:term":[{"taxonomy":"product_brand","embeddable":true,"href":"https:\/\/www.retrobuddys.com\/es\/wp-json\/wp\/v2\/product_brand?post=10801"},{"taxonomy":"product_cat","embeddable":true,"href":"https:\/\/www.retrobuddys.com\/es\/wp-json\/wp\/v2\/product_cat?post=10801"},{"taxonomy":"product_tag","embeddable":true,"href":"https:\/\/www.retrobuddys.com\/es\/wp-json\/wp\/v2\/product_tag?post=10801"}],"curies":[{"name":"wp","href":"https:\/\/api.w.org\/{rel}","templated":true}]}}