{"id":10641,"date":"2025-12-03T13:11:44","date_gmt":"2025-12-03T13:11:44","guid":{"rendered":"https:\/\/www.retrobuddys.com\/?post_type=product&#038;p=10641"},"modified":"2025-12-03T13:14:23","modified_gmt":"2025-12-03T13:14:23","slug":"coleccion-rara-1-cartucho-kopie","status":"publish","type":"product","link":"https:\/\/www.retrobuddys.com\/es\/shop\/blaze-evercade\/cartuchos\/coleccion-rara-1-cartucho-kopie\/","title":{"rendered":"La Colecci\u00f3n Llamasoft 1 Cartucho"},"content":{"rendered":"<div class=\"productdetail rounded shadow notice campaign de\">\n<div class=\"rounded productcontent\">\n<div class=\"gradient\">\n<div class=\"tabfolder rounded shadow clear\">\n<div id=\"desc\" class=\"rounded active\">\n<p>\u00a1La Colecci\u00f3n Llamasoft trae 27 cl\u00e1sicos psicod\u00e9licos a Evercade! Disfruta de los juegos de un legendario desarrollador indie con este aut\u00e9ntico cartucho Evercade. Defi\u00e9ndete del ataque del camello mutante, afronta los retos de Gridrunner \u00a1y mucho m\u00e1s!  <\/p>\n<p>- Manual a todo color incluido<br \/>\n- G\u00e9neros incluidos: Batalla y Acci\u00f3n<br \/>\n- Compatible con todos los dispositivos Evercade (Handheld, Evercade VS, Evercade VS-R, Evercade EXP, Evercade EXP-R, Evercade Alpha) y consolas Super Pocket.<br \/>\n- Ten en cuenta: Puede que tu sistema Evercade necesite una actualizaci\u00f3n del firmware a la \u00faltima versi\u00f3n para sacar el m\u00e1ximo partido a este cartucho.<\/p>\n<p>Se incluyen los 27 juegos siguientes Abductor (1982) - VIC-20, Andes Attack (1982) - VIC-20, Deflex V (1981) - VIC-20, Gridrunner (1982) - VIC-20, Hellgate (1984) - VIC-20, Laser Zone (1983) - VIC-20, Matrix: \u00a1Gridrunner 2 (1983) - VIC-20, Metagalactic Llamas: Battle at the Edge of Time (1983) - VIC-20, Ratman! (1982) - VIC-20, Ancipital (1984) - C64, El ataque de los camellos mutantes (1983) - C64, Batalyx (1985) - C64, Gridrunner (1983) - C64, Hellgate (1984) - C64, Hover Bovver (1983) - C64, Laser Zone (1983) - C64, Matrix: Gridrunner 2 (1983) - C64, Metagalactic Llamas: Battle at the Edge of Time (1984) - C64, Revenge of the Mutant Camels (1983) - C64, Revenge of the Mutant Camels II (1987) - C64, Sheep In Space (1984) - C64, Voidrunner (1987) - C64, City Bomb (1982) - Spectrum, Superdeflex (1982) - Spectrum, Llamatron: 2112 (1991) - Atari ST, Revenge of the Mutant Camels (1991) - Atari ST y Super Gridrunner (1989) - Atari ST. <\/p>\n<p>Nota: La consola no est\u00e1 incluida.<\/p>\n<\/div>\n<\/div>\n<\/div>\n<\/div>\n<\/div>\n<div class=\"similarproducts cat rounded shadow full nospace\">\n<div id=\"similarproducts\" class=\"rounded\"><\/div>\n<\/div>\n","protected":false},"excerpt":{"rendered":"<p>\u00a1Pedido anticipado! \u00a1Lanzamiento previsto el 27.02.2026! <\/p>\n","protected":false},"featured_media":10652,"template":"","meta":[],"product_brand":[955],"product_cat":[966,1002],"product_tag":[990,969,843,989],"class_list":{"0":"post-10641","1":"product","2":"type-product","3":"status-publish","4":"has-post-thumbnail","6":"product_brand-blaze-entertainment","7":"product_cat-blaze-evercade","8":"product_cat-cartuchos","9":"product_tag-arcade","10":"product_tag-blaze","11":"product_tag-cartucho","12":"product_tag-evercade","13":"product_shipping_class-maxibrief-es","15":"first","16":"instock","17":"taxable","18":"shipping-taxable","19":"purchasable","20":"product-type-simple"},"jetpack_sharing_enabled":true,"_links":{"self":[{"href":"https:\/\/www.retrobuddys.com\/es\/wp-json\/wp\/v2\/product\/10641","targetHints":{"allow":["GET"]}}],"collection":[{"href":"https:\/\/www.retrobuddys.com\/es\/wp-json\/wp\/v2\/product"}],"about":[{"href":"https:\/\/www.retrobuddys.com\/es\/wp-json\/wp\/v2\/types\/product"}],"wp:featuredmedia":[{"embeddable":true,"href":"https:\/\/www.retrobuddys.com\/es\/wp-json\/wp\/v2\/media\/10652"}],"wp:attachment":[{"href":"https:\/\/www.retrobuddys.com\/es\/wp-json\/wp\/v2\/media?parent=10641"}],"wp:term":[{"taxonomy":"product_brand","embeddable":true,"href":"https:\/\/www.retrobuddys.com\/es\/wp-json\/wp\/v2\/product_brand?post=10641"},{"taxonomy":"product_cat","embeddable":true,"href":"https:\/\/www.retrobuddys.com\/es\/wp-json\/wp\/v2\/product_cat?post=10641"},{"taxonomy":"product_tag","embeddable":true,"href":"https:\/\/www.retrobuddys.com\/es\/wp-json\/wp\/v2\/product_tag?post=10641"}],"curies":[{"name":"wp","href":"https:\/\/api.w.org\/{rel}","templated":true}]}}