{"id":10561,"date":"2025-12-03T13:03:38","date_gmt":"2025-12-03T13:03:38","guid":{"rendered":"https:\/\/www.retrobuddys.com\/?post_type=product&#038;p=10561"},"modified":"2025-12-03T13:07:58","modified_gmt":"2025-12-03T13:07:58","slug":"cartucho-neogeo-arcade-3-kopie","status":"publish","type":"product","link":"https:\/\/www.retrobuddys.com\/es\/shop\/blaze-evercade\/cartuchos\/cartucho-neogeo-arcade-3-kopie\/","title":{"rendered":"Colecci\u00f3n Activision 1 Cartucho"},"content":{"rendered":"<div class=\"productdetail rounded shadow notice campaign de\">\n<div class=\"rounded productcontent\">\n<div class=\"gradient\">\n<div class=\"tabfolder rounded shadow clear\">\n<div id=\"desc\" class=\"rounded active\">\n<p>\u00a1Revive los cl\u00e1sicos con la Colecci\u00f3n Activision 1 para Evercade! \u00a115 grandes t\u00edtulos de la era de las consolas de 8 bits te est\u00e1n esperando para que los descubras, \u00a1incluidos Pitfall!, River Raid, Freeway y muchos m\u00e1s! Viaja en el tiempo y experimenta el lanzamiento de uno de los mayores editores de juegos de todos los tiempos!<br \/>\n- Manual a todo color incluido<br \/>\n- G\u00e9neros incluidos: Shoot &#8216;em up, acci\u00f3n, conducci\u00f3n y carreras, deportes, juegos de plataformas, acci\u00f3n y simulaci\u00f3n.<br \/>\n- Compatible con todos los dispositivos Evercade (port\u00e1til, Evercade VS, Evercade VS-R, Evercade EXP, Evercade EXP-R, Evercade Alpha) y consolas Super Pocket.<\/p>\n<p>Se incluyen los siguientes 15 juegos:<br \/>\n01. Beamrider<br \/>\n02. Crackpots<br \/>\n03. Demon Attack<br \/>\n04. Enduro<br \/>\n05. Fishing Derby<br \/>\n06. Freeway<br \/>\n07. Grand Prix<br \/>\n08. Megamania<br \/>\n09. Pitfall! Pitfall!<br \/>\n10. Private Eye<br \/>\n11. River Raid River Raid<br \/>\n12. Sky Jinks<br \/>\n13. Space Shuttle. Transbordador Espacial: Un Viaje al Espacio<br \/>\n14. Starmaster<br \/>\n15. Tenis<\/p>\n<p>Nota: La consola no est\u00e1 incluida.<\/p>\n<\/div>\n<\/div>\n<\/div>\n<\/div>\n<\/div>\n<div class=\"similarproducts cat rounded shadow full nospace\">\n<div id=\"similarproducts\" class=\"rounded\"><\/div>\n<\/div>\n","protected":false},"excerpt":{"rendered":"<p>\u00a1Pedido anticipado! \u00a1Lanzamiento previsto el 27.02.2026! <\/p>\n","protected":false},"featured_media":10572,"template":"","meta":[],"product_brand":[955],"product_cat":[966,1002],"product_tag":[990,969,843,989],"class_list":{"0":"post-10561","1":"product","2":"type-product","3":"status-publish","4":"has-post-thumbnail","6":"product_brand-blaze-entertainment","7":"product_cat-blaze-evercade","8":"product_cat-cartuchos","9":"product_tag-arcade","10":"product_tag-blaze","11":"product_tag-cartucho","12":"product_tag-evercade","13":"product_shipping_class-maxibrief-es","15":"first","16":"instock","17":"taxable","18":"shipping-taxable","19":"purchasable","20":"product-type-simple"},"jetpack_sharing_enabled":true,"_links":{"self":[{"href":"https:\/\/www.retrobuddys.com\/es\/wp-json\/wp\/v2\/product\/10561","targetHints":{"allow":["GET"]}}],"collection":[{"href":"https:\/\/www.retrobuddys.com\/es\/wp-json\/wp\/v2\/product"}],"about":[{"href":"https:\/\/www.retrobuddys.com\/es\/wp-json\/wp\/v2\/types\/product"}],"wp:featuredmedia":[{"embeddable":true,"href":"https:\/\/www.retrobuddys.com\/es\/wp-json\/wp\/v2\/media\/10572"}],"wp:attachment":[{"href":"https:\/\/www.retrobuddys.com\/es\/wp-json\/wp\/v2\/media?parent=10561"}],"wp:term":[{"taxonomy":"product_brand","embeddable":true,"href":"https:\/\/www.retrobuddys.com\/es\/wp-json\/wp\/v2\/product_brand?post=10561"},{"taxonomy":"product_cat","embeddable":true,"href":"https:\/\/www.retrobuddys.com\/es\/wp-json\/wp\/v2\/product_cat?post=10561"},{"taxonomy":"product_tag","embeddable":true,"href":"https:\/\/www.retrobuddys.com\/es\/wp-json\/wp\/v2\/product_tag?post=10561"}],"curies":[{"name":"wp","href":"https:\/\/api.w.org\/{rel}","templated":true}]}}