{"id":10296,"date":"2025-12-03T10:47:31","date_gmt":"2025-12-03T10:47:31","guid":{"rendered":"https:\/\/www.retrobuddys.com\/?post_type=product&#038;p=10296"},"modified":"2025-12-03T14:35:09","modified_gmt":"2025-12-03T14:35:09","slug":"blaze-evercade-vs-r-y-neogeo-arcade-1-paquete-kopie","status":"publish","type":"product","link":"https:\/\/www.retrobuddys.com\/es\/shop\/blaze-evercade\/hardware-evercade\/blaze-evercade-vs-r-y-neogeo-arcade-1-paquete-kopie\/","title":{"rendered":"Blaze Evercade VS-R Solo y cartucho Activision Collection 1 (Paquete)"},"content":{"rendered":"<p>La Evercade VS-R Solo es la \u00faltima versi\u00f3n de la galardonada consola de juegos retro, ahora con un dise\u00f1o retro. Dise\u00f1ada para su uso con televisores, incluye un mando y admite hasta cuatro. Compatible con los cartuchos Evercade, ofrece m\u00e1s de 600 juegos de m\u00e1s de 60 colecciones y abarca cinco d\u00e9cadas de juegos de arcade, consola y ordenador dom\u00e9stico.  <\/p>\n<ul>\n<li>Evercade VS-R Solo lleva el juego retro cl\u00e1sico a tu televisor.<\/li>\n<li>Funciona con todos los cartuchos Evercade: incluye m\u00e1s de 60 cartuchos y m\u00e1s de 600 juegos.<\/li>\n<li>Juega con hasta 4 jugadores (se incluye un mando Evercade VS-R).<\/li>\n<li>Salida 1080p para televisores HDMI con m\u00faltiples relaciones de pantalla y filtros disponibles.<\/li>\n<li>Juega en consola, ordenador dom\u00e9stico, arcade y mucho m\u00e1s con m\u00e1s de cinco d\u00e9cadas de juegos con licencia oficial en el ecosistema de cartuchos Evercade<\/li>\n<li>Colecci\u00f3n Activision 1 cartucho con 15 grandes t\u00edtulos de la era de las consolas de 8 bits<\/li>\n<li>WLAN integrada<\/li>\n<\/ul>\n<p>Contenido: consola VS-R, mando VS-R, gu\u00eda de inicio r\u00e1pido, cable micro USB, cartucho Activision Collection 1 con 15 grandes t\u00edtulos de la \u00e9poca de las consolas de 8 bits<\/p>\n<p>Se incluyen los siguientes juegos: Beamrider, Crackpots, Demon Attack, Enduro, Fishing Derby, Freeway, Grand Prix, Megamania, Pitfall, Private Eye, River Raid, Sky Jinks, Space Shuttle: A Journey Into Space, Starmaster y Tennis.<\/p>\n<p>** Namco Museum Collection 1 y 2 NO es compatible con Evercade VS-R<\/p>\n","protected":false},"excerpt":{"rendered":"<p>La Evercade VS-R Solo es la \u00faltima versi\u00f3n de la galardonada consola de juegos retro, ahora con un dise\u00f1o retro. Dise\u00f1ada para su uso con televisores, incluye un mando y admite hasta cuatro. Compatible con los cartuchos Evercade, ofrece m\u00e1s de 600 juegos de m\u00e1s de 60 colecciones y abarca cinco d\u00e9cadas de juegos de [&#8230;]\n","protected":false},"featured_media":10307,"template":"","meta":[],"product_brand":[955],"product_cat":[966,1012],"product_tag":[990,969,989],"class_list":{"0":"post-10296","1":"product","2":"type-product","3":"status-publish","4":"has-post-thumbnail","6":"product_brand-blaze-entertainment","7":"product_cat-blaze-evercade","8":"product_cat-hardware-evercade","9":"product_tag-arcade","10":"product_tag-blaze","11":"product_tag-evercade","12":"product_shipping_class-dhl-es","14":"first","15":"instock","16":"taxable","17":"shipping-taxable","18":"purchasable","19":"product-type-simple"},"jetpack_sharing_enabled":true,"_links":{"self":[{"href":"https:\/\/www.retrobuddys.com\/es\/wp-json\/wp\/v2\/product\/10296","targetHints":{"allow":["GET"]}}],"collection":[{"href":"https:\/\/www.retrobuddys.com\/es\/wp-json\/wp\/v2\/product"}],"about":[{"href":"https:\/\/www.retrobuddys.com\/es\/wp-json\/wp\/v2\/types\/product"}],"wp:featuredmedia":[{"embeddable":true,"href":"https:\/\/www.retrobuddys.com\/es\/wp-json\/wp\/v2\/media\/10307"}],"wp:attachment":[{"href":"https:\/\/www.retrobuddys.com\/es\/wp-json\/wp\/v2\/media?parent=10296"}],"wp:term":[{"taxonomy":"product_brand","embeddable":true,"href":"https:\/\/www.retrobuddys.com\/es\/wp-json\/wp\/v2\/product_brand?post=10296"},{"taxonomy":"product_cat","embeddable":true,"href":"https:\/\/www.retrobuddys.com\/es\/wp-json\/wp\/v2\/product_cat?post=10296"},{"taxonomy":"product_tag","embeddable":true,"href":"https:\/\/www.retrobuddys.com\/es\/wp-json\/wp\/v2\/product_tag?post=10296"}],"curies":[{"name":"wp","href":"https:\/\/api.w.org\/{rel}","templated":true}]}}