{"id":10017,"date":"2025-12-03T10:02:46","date_gmt":"2025-12-03T10:02:46","guid":{"rendered":"https:\/\/www.retrobuddys.com\/shop\/sin%20categor\u00eda\/blaze-evercade-exp-r-solo\/"},"modified":"2025-12-03T14:39:58","modified_gmt":"2025-12-03T14:39:58","slug":"blaze-evercade-exp-r-solo","status":"publish","type":"product","link":"https:\/\/www.retrobuddys.com\/es\/shop\/blaze-evercade\/hardware-evercade\/blaze-evercade-exp-r-solo\/","title":{"rendered":"Blaze Evercade EXP-R Solo"},"content":{"rendered":"<p>La Evercade EXP-R Solo es la \u00faltima versi\u00f3n de la galardonada consola de juegos retro de Evercade, con una brillante pantalla panor\u00e1mica IPS de 4,3 pulgadas y un chasis gris claro con detalles en gris oscuro y rojo. Compatible con todos los cartuchos Evercade, \u00a1para que puedas jugar a juegos cl\u00e1sicos de consola, arcade y ordenador dom\u00e9stico sobre la marcha! <\/p>\n<ul>\n<li>Evercade EXP-R Solo ofrece juegos retro cl\u00e1sicos en cualquier lugar con un nuevo dise\u00f1o de inspiraci\u00f3n retro, que incluye un chasis gris claro con detalles en gris oscuro y rojo.<\/li>\n<li>Modo TATE para reproducci\u00f3n en pantalla vertical con botones dedicados.<\/li>\n<li>Compatibilidad total con la biblioteca Evercade.<\/li>\n<li>Pantalla IPS de 800 x 480 con alta resoluci\u00f3n y WLAN integrada.<\/li>\n<li>Dise\u00f1o ligero y compacto con 4-5 horas de duraci\u00f3n de la bater\u00eda (carga USB-C).<\/li>\n<li>La fuente de alimentaci\u00f3n (USB-C) debe adquirirse por separado.<\/li>\n<\/ul>\n<p>Tenlo en cuenta: El EXP-R no puede conectarse a un televisor.<\/p>\n","protected":false},"excerpt":{"rendered":"<p>La Evercade EXP-R Solo es la \u00faltima versi\u00f3n de la galardonada consola de juegos retro de Evercade, con una brillante pantalla panor\u00e1mica IPS de 4,3 pulgadas y un chasis gris claro con detalles en gris oscuro y rojo. Compatible con todos los cartuchos Evercade, \u00a1para que puedas jugar a juegos cl\u00e1sicos de consola, arcade y [&#8230;]\n","protected":false},"featured_media":10023,"template":"","meta":[],"product_brand":[955],"product_cat":[966,1012],"product_tag":[969,970],"class_list":{"0":"post-10017","1":"product","2":"type-product","3":"status-publish","4":"has-post-thumbnail","6":"product_brand-blaze-entertainment","7":"product_cat-blaze-evercade","8":"product_cat-hardware-evercade","9":"product_tag-blaze","10":"product_tag-evercade-arcade","11":"product_shipping_class-dhl-es","13":"first","14":"instock","15":"taxable","16":"shipping-taxable","17":"purchasable","18":"product-type-simple"},"jetpack_sharing_enabled":true,"_links":{"self":[{"href":"https:\/\/www.retrobuddys.com\/es\/wp-json\/wp\/v2\/product\/10017","targetHints":{"allow":["GET"]}}],"collection":[{"href":"https:\/\/www.retrobuddys.com\/es\/wp-json\/wp\/v2\/product"}],"about":[{"href":"https:\/\/www.retrobuddys.com\/es\/wp-json\/wp\/v2\/types\/product"}],"wp:featuredmedia":[{"embeddable":true,"href":"https:\/\/www.retrobuddys.com\/es\/wp-json\/wp\/v2\/media\/10023"}],"wp:attachment":[{"href":"https:\/\/www.retrobuddys.com\/es\/wp-json\/wp\/v2\/media?parent=10017"}],"wp:term":[{"taxonomy":"product_brand","embeddable":true,"href":"https:\/\/www.retrobuddys.com\/es\/wp-json\/wp\/v2\/product_brand?post=10017"},{"taxonomy":"product_cat","embeddable":true,"href":"https:\/\/www.retrobuddys.com\/es\/wp-json\/wp\/v2\/product_cat?post=10017"},{"taxonomy":"product_tag","embeddable":true,"href":"https:\/\/www.retrobuddys.com\/es\/wp-json\/wp\/v2\/product_tag?post=10017"}],"curies":[{"name":"wp","href":"https:\/\/api.w.org\/{rel}","templated":true}]}}