{"id":2260,"date":"2022-11-03T18:19:26","date_gmt":"2022-11-03T18:19:26","guid":{"rendered":"https:\/\/www.retrobuddys.com\/pie-de-imprenta\/"},"modified":"2025-03-27T05:55:26","modified_gmt":"2025-03-27T05:55:26","slug":"pie-de-imprenta","status":"publish","type":"page","link":"https:\/\/www.retrobuddys.com\/es\/pie-de-imprenta\/","title":{"rendered":"Pie de imprenta"},"content":{"rendered":"\n<h1 class=\"p1\"><b>Pie de imprenta<\/b><\/h1>\n<p class=\"p2\"><b>Informaci\u00f3n<\/b><b> <\/b><b>seg\u00fan<\/b><b> <\/b><b>\u00a7<\/b><b> <\/b><b>5<\/b><b> <\/b><b>TMG<\/b><\/p>\n<p class=\"p3\">CompuSys Beratungs- und Beteiligungsgesellschaft mbH<br>Hattsmoor 22<br>22417 Hamburgo<\/p>\n<p class=\"p6\">Registro mercantil: HR-B 152142 Tribunal de registro: Hamburgo<\/p>\n<p class=\"p6\"><b>Representado<\/b><b> <\/b><b>por:<br><\/b>Peter Jaeger<\/p>\n<p class=\"p10\"><span class=\"s5\"><b>contacto<br><\/b><\/span>Tel\u00e9fono: +49 40 - 8221 60 710<br>Fax: +49 40 - 450 633 73<br>Correo electr\u00f3nico:<span class=\"s4\"> <a href=\"mailto:info@retrobuddys.com\">info@retrobuddys.com<\/a><\/span><\/p>\n<p class=\"p10\"><span class=\"s5\"><b>N\u00famero de identificaci\u00f3n fiscal<br><\/b><\/span>N\u00famero de identificaci\u00f3n fiscal seg\u00fan el \u00a7 27 a de la ley del impuesto sobre las ventas: DE347610141<\/p>\n<p class=\"p2\"><b>Responsabilidad editorial<\/b><b> <\/b><b><br> Peter Jaeger, Hattsmoor 22, 22417 Hamburgo<\/b><\/p>\n<p class=\"p10\"><span class=\"s5\"><b>Resoluci\u00f3n de litigios en la UE<br><\/b><\/span>La Comisi\u00f3n Europea ofrece una plataforma para la resoluci\u00f3n de litigios en l\u00ednea (OS): <a href=\"https:\/\/ec.europa.eu\/consumers\/odr\/\"><span class=\"s7\">https:\/\/ec.europa.eu\/consumers\/odr\/<\/span><\/a>.<\/p>\n<p class=\"p4\">Encontrar\u00e1 nuestra direcci\u00f3n de correo electr\u00f3nico en el pie de imprenta.<\/p>\n<p class=\"p10\"><span class=\"s3\"><b>Resoluci\u00f3n de litigios de consumo\/centro de arbitraje universal<br><\/b><\/span>Participamos en un procedimiento de resoluci\u00f3n de litigios ante una junta de arbitraje de consumo. La junta universal de arbitraje del Zentrum f\u00fcr Schlichtung e.V., Stra\u00dfburger Stra\u00dfe 8, 77694 Kehl am Rhein (<span class=\"s3\">\n  <a href=\"https:\/\/www.verbraucher-schlichter.de\/\">https:\/\/www.verbraucher-schlichter.de<\/a>\n<\/span><span class=\"s4\">).<\/span><\/p>\n<p class=\"p4\"><span class=\"s5\">Fuente: <\/span><span class=\"s3\">\n  <a href=\"https:\/\/www.e-recht24.de\/impressum-generator.html\">https:\/\/www.e-recht24.de\/impressum-generator.html<\/a>\n<\/span><\/p>\n<div class=\"woocommerce woocommerce-gzd woocommerce-gzd-complaints-shortcode\">\n\t\t\t<h3>Alternative Dispute Resolution in accordance with Art. 14 (1) ODR-VO and \u00a7 36 VSBG:<\/h3>\n\t\nWir sind bereit, an einem au\u00dfergerichtlichen Schlichtungsverfahren teilzunehmen.<\/div>\n\n","protected":false},"excerpt":{"rendered":"","protected":false},"author":1,"featured_media":0,"parent":0,"menu_order":0,"comment_status":"closed","ping_status":"closed","template":"","meta":{"footnotes":""},"class_list":["post-2260","page","type-page","status-publish","hentry"],"jetpack_sharing_enabled":true,"_links":{"self":[{"href":"https:\/\/www.retrobuddys.com\/es\/wp-json\/wp\/v2\/pages\/2260","targetHints":{"allow":["GET"]}}],"collection":[{"href":"https:\/\/www.retrobuddys.com\/es\/wp-json\/wp\/v2\/pages"}],"about":[{"href":"https:\/\/www.retrobuddys.com\/es\/wp-json\/wp\/v2\/types\/page"}],"author":[{"embeddable":true,"href":"https:\/\/www.retrobuddys.com\/es\/wp-json\/wp\/v2\/users\/1"}],"replies":[{"embeddable":true,"href":"https:\/\/www.retrobuddys.com\/es\/wp-json\/wp\/v2\/comments?post=2260"}],"version-history":[{"count":2,"href":"https:\/\/www.retrobuddys.com\/es\/wp-json\/wp\/v2\/pages\/2260\/revisions"}],"predecessor-version":[{"id":7493,"href":"https:\/\/www.retrobuddys.com\/es\/wp-json\/wp\/v2\/pages\/2260\/revisions\/7493"}],"wp:attachment":[{"href":"https:\/\/www.retrobuddys.com\/es\/wp-json\/wp\/v2\/media?parent=2260"}],"curies":[{"name":"wp","href":"https:\/\/api.w.org\/{rel}","templated":true}]}}