{"id":2052,"date":"2022-11-03T18:19:25","date_gmt":"2022-11-03T18:19:25","guid":{"rendered":"https:\/\/www.retrobuddys.com\/politica-de-privacidad\/"},"modified":"2025-03-27T05:55:26","modified_gmt":"2025-03-27T05:55:26","slug":"politica-de-privacidad","status":"publish","type":"page","link":"https:\/\/www.retrobuddys.com\/es\/politica-de-privacidad\/","title":{"rendered":"Pol\u00edtica de privacidad"},"content":{"rendered":"\n<h3>Pol\u00edtica de privacidad<\/h3>\n<h2>Qui\u00e9nes somos<\/h2>\n<p style=\"text-align: left;\">La direcci\u00f3n de nuestro sitio web es: https:\/\/www.retrobuddys.com.<br>Nuestra direcci\u00f3n es:<\/p>\n<p style=\"text-align: left;\">CompuSys Beratungs- und Beteiligungsgesellschaft mbH<br>Hattsmoor 22<br>22417 Hamburgo<\/p>\n<h2>Comentarios<\/h2>\n<p>Cuando los visitantes publican comentarios en el sitio web, recopilamos los datos que aparecen en el formulario de comentarios, as\u00ed como la direcci\u00f3n IP del visitante y la cadena de agente de usuario (esto identifica el navegador) para ayudar a detectar el spam.<\/p>\n<p>Se puede crear una cadena anonimizada (tambi\u00e9n llamada hash) a partir de tu direcci\u00f3n de correo electr\u00f3nico y pasarla al servicio Gravatar para comprobar si la est\u00e1s utilizando. La pol\u00edtica de privacidad del servicio Gravatar puede consultarse aqu\u00ed: https:\/\/automattic.com\/privacy\/. Una vez aprobado tu comentario, tu foto de perfil ser\u00e1 visible p\u00fablicamente en el contexto de tu comentario.<\/p>\n<h2>Medios de comunicaci\u00f3n<\/h2>\n<p>Si eres un usuario registrado y subes fotos a este sitio web, debes evitar subir fotos con una ubicaci\u00f3n GPS EXIF. Los visitantes de este sitio web podr\u00edan descargar fotos almacenadas en \u00e9l y extraer informaci\u00f3n sobre su ubicaci\u00f3n.<\/p>\n<h2>Cookies<\/h2>\n<p>Cuando publica un comentario en nuestro sitio web, esto puede constituir un consentimiento para almacenar su nombre, direcci\u00f3n de correo electr\u00f3nico y sitio web en cookies. Se trata de una funci\u00f3n pr\u00e1ctica para que no tengas que volver a introducir todos estos datos cuando publiques otro comentario. Estas cookies se almacenan durante un a\u00f1o.<\/p>\n<p>Si tiene una cuenta e inicia sesi\u00f3n en este sitio web, instalaremos una cookie temporal para determinar si su navegador acepta cookies. Esta cookie no contiene ning\u00fan dato personal y se descarta al cerrar el navegador.<\/p>\n<p>Cuando se registre, instalaremos algunas cookies para almacenar sus datos de acceso y sus opciones de visualizaci\u00f3n. Las cookies de inicio de sesi\u00f3n caducan a los dos d\u00edas y las cookies de opciones de visualizaci\u00f3n al a\u00f1o. Si selecciona \u00abSeguir conectado\u00bb al registrarse, su inscripci\u00f3n se mantendr\u00e1 durante quince d\u00edas. Cuando cierra la sesi\u00f3n de su cuenta, se eliminan las cookies de inicio de sesi\u00f3n.<\/p>\n<p>Cuando edita o publica un art\u00edculo, se almacena una cookie adicional en su navegador. Esta cookie no contiene ning\u00fan dato personal y s\u00f3lo se refiere a la ID de entrada del art\u00edculo que acaba de editar. La cookie caduca al cabo de un d\u00eda.<\/p>\n<h2>Contenido incrustado de otros sitios web<\/h2>\n<p>Las entradas de este sitio web pueden incluir contenido incrustado (por ejemplo, v\u00eddeos, im\u00e1genes, art\u00edculos, etc.). El contenido incrustado de otros sitios web se comporta exactamente igual que si el visitante hubiera visitado el otro sitio web.<\/p>\n<p>Estos sitios web pueden recopilar informaci\u00f3n sobre usted, utilizar cookies, incrustar servicios adicionales de seguimiento de terceros y registrar su interacci\u00f3n con este contenido incrustado, incluida su interacci\u00f3n con el contenido incrustado si tiene una cuenta y ha iniciado sesi\u00f3n en este sitio web.<\/p>\n<h2>Con qui\u00e9n compartimos sus datos<\/h2>\n<p>Si solicita un restablecimiento de contrase\u00f1a, su direcci\u00f3n IP se incluir\u00e1 en el correo electr\u00f3nico de restablecimiento.<\/p>\n<h2>Cu\u00e1nto tiempo almacenamos sus datos<\/h2>\n<p>Si escribe un comentario, se guardar\u00e1 incluyendo los metadatos durante un periodo de tiempo ilimitado. De este modo, podemos detectar y aprobar autom\u00e1ticamente los comentarios de seguimiento en lugar de mantenerlos en una cola de moderaci\u00f3n.<\/p>\n<p>En el caso de los usuarios que se registran en nuestro sitio web, almacenamos adem\u00e1s la informaci\u00f3n personal que nos facilitan en sus perfiles de usuario. Todos los usuarios pueden ver, cambiar o borrar su informaci\u00f3n personal en cualquier momento (el nombre de usuario no puede cambiarse). Los administradores del sitio web tambi\u00e9n pueden ver y modificar esta informaci\u00f3n.<\/p>\n<h2>Qu\u00e9 derechos tiene sobre sus datos<\/h2>\n<p>Si tiene una cuenta en este sitio web o ha publicado comentarios, puede solicitarnos la exportaci\u00f3n de su informaci\u00f3n personal, incluida cualquier informaci\u00f3n que nos haya proporcionado. Adem\u00e1s, puede solicitar la supresi\u00f3n de todos los datos personales que hayamos almacenado sobre usted. Esto no incluye los datos que estamos obligados a conservar por necesidades administrativas, legales o de seguridad.<\/p>\n<h2>D\u00f3nde se env\u00edan sus datos<\/h2>\n<p>Los comentarios de los visitantes podr\u00edan ser examinados por un servicio automatizado de detecci\u00f3n de spam.<\/p>\n<h2>Bolet\u00edn y correos electr\u00f3nicos MailPoet<\/h2>\n<p>Si se ha suscrito a nuestro bolet\u00edn de noticias o es miembro de nuestro sitio web (puede registrarse) o ha realizado una compra en nuestro sitio web, existe una alta probabilidad de que reciba correos electr\u00f3nicos nuestros.<\/p>\n<p>S\u00f3lo le enviaremos correos electr\u00f3nicos si ha dado su consentimiento para ello o si est\u00e1n relacionados con los servicios que le hemos ofrecido.<\/p>\n<p>Para enviarle correos electr\u00f3nicos, utilizamos el nombre y la direcci\u00f3n de correo electr\u00f3nico que nos ha facilitado. Nuestro sitio web registra la direcci\u00f3n IP que utiliz\u00f3 al registrarse en el servicio para evitar abusos.<\/p>\n<p>El sitio web puede enviar correos electr\u00f3nicos a trav\u00e9s del <a href=\"https:\/\/www.mailpoet.com\/privacy-notice\/\" target=\"_blank\" rel=\"noopener\">servicio de env\u00edo MailPoet<\/a>. Este servicio nos permite registrar las aperturas y los clics en nuestros correos electr\u00f3nicos. Utilizamos esta informaci\u00f3n para mejorar el contenido de nuestros boletines.<\/p>\n<p>Fuera de este sitio web no se registra m\u00e1s informaci\u00f3n identificable que la direcci\u00f3n de correo electr\u00f3nico.<\/p>\n<p>MailPoet crea y almacena dos cookies si utiliza WooCommerce y MailPoet juntos. Estas galletas son:<\/p>\n<p>Nombre de la cookie: mailpoet_revenue_tracking<br>Caducidad de la cookie: 14 d\u00edas.<br>Descripci\u00f3n de la cookie: El objetivo de esta cookie es registrar qu\u00e9 boletines enviados desde tu sitio web han desencadenado clics continuos y una compra posterior en tu tienda WooCommerce.<\/p>\n<p>Nombre de la cookie: mailpoet_abandoned_cart_tracking<br>Caducidad de la cookie: 3.650 d\u00edas.<br>Descripci\u00f3n de la cookie: El prop\u00f3sito de esta cookie es registrar a un usuario que ha abandonado su carrito en tu tienda WooCommerce para poder enviarle un bolet\u00edn dirigido de carrito abandonado desde MailPoet.<\/p>\n<p>Nota: El usuario debe ser un abonado registrado (opt-in) y confirmado.<\/p>\n<h2>Recopilamos informaci\u00f3n sobre usted durante el proceso de pedido en nuestra tienda.<\/h2>\n<h2>Qu\u00e9 recopilamos y almacenamos<\/h2>\n<p>Mientras visita nuestro sitio web, grabamos:<\/p>\n<ul>\n<li>Productos vistos: Aqu\u00ed te mostramos los productos que has visto recientemente.<\/li>\n<li>Ubicaci\u00f3n, direcci\u00f3n IP y tipo de navegador: lo utilizamos para fines como la estimaci\u00f3n de impuestos y gastos de env\u00edo.<\/li>\n<li>Direcci\u00f3n de env\u00edo: Te pediremos que nos la facilites, por ejemplo, para determinar los gastos de env\u00edo antes de que realices un pedido y para poder envi\u00e1rtelo.<\/li>\n<\/ul>\n<p>Tambi\u00e9n utilizamos cookies para rastrear el contenido de su cesta de la compra mientras visita nuestro sitio web.<\/p>\n<p>Cuando nos compre, le pediremos que nos facilite informaci\u00f3n como su nombre, direcci\u00f3n de facturaci\u00f3n y env\u00edo, direcci\u00f3n de correo electr\u00f3nico y n\u00famero de tel\u00e9fono, datos de la tarjeta de cr\u00e9dito\/detalles del pago e informaci\u00f3n opcional sobre la cuenta, como el nombre de usuario y la contrase\u00f1a. Utilizamos esta informaci\u00f3n para los siguientes fines:<\/p>\n<ul>\n<li>Env\u00edo de informaci\u00f3n sobre su cuenta y su pedido<\/li>\n<li>Respuesta a sus consultas, incluidas devoluciones y reclamaciones<\/li>\n<li>Tratamiento de las operaciones de pago y prevenci\u00f3n del fraude<\/li>\n<li>Crear una cuenta en nuestra tienda<\/li>\n<li>Cumplimiento de todas las obligaciones legales, por ejemplo el c\u00e1lculo de impuestos<\/li>\n<li>Mejorar las ofertas de nuestra tienda<\/li>\n<li>Enviar mensajes de marketing cuando usted quiera recibirlos<\/li>\n<\/ul>\n<p>Cuando crea una cuenta con nosotros, almacenamos su nombre, direcci\u00f3n, direcci\u00f3n de correo electr\u00f3nico y n\u00famero de tel\u00e9fono. Esta informaci\u00f3n se utilizar\u00e1 para cumplimentar los datos de pago de futuros pedidos.<\/p>\n<p>Normalmente conservamos la informaci\u00f3n sobre usted durante el tiempo que necesitamos y estamos obligados a conservar para el fin para el que fue recopilada y utilizada. Por ejemplo, almacenamos la informaci\u00f3n de los pedidos durante XXX a\u00f1os a efectos fiscales y de facturaci\u00f3n. Esto incluye su nombre, direcci\u00f3n de correo electr\u00f3nico, direcci\u00f3n de facturaci\u00f3n y de env\u00edo.<\/p>\n<p>Tambi\u00e9n almacenamos comentarios o rese\u00f1as si decide dejarlos.<\/p>\n<h2>Qui\u00e9n de nuestro equipo tiene acceso<\/h2>\n<p>Los miembros de nuestro equipo tienen acceso a la informaci\u00f3n que nos facilite. Por ejemplo, tanto los administradores como los jefes de tienda pueden acceder a lo siguiente:<\/p>\n<ul>\n<li>Informaci\u00f3n sobre el pedido, como los productos adquiridos, el momento de la compra, as\u00ed como la direcci\u00f3n de env\u00edo y<\/li>\n<li>Informaci\u00f3n del cliente, como su nombre, direcci\u00f3n de correo electr\u00f3nico e informaci\u00f3n de facturaci\u00f3n y env\u00edo.<\/li>\n<\/ul>\n<p>Los miembros de nuestro equipo tienen acceso a esta informaci\u00f3n para procesar pedidos, realizar reembolsos y ayudarle.<\/p>\n<h2>Lo que compartimos con los dem\u00e1s<\/h2>\n<p>Compartimos informaci\u00f3n con terceros que nos ayudan a proporcionarle nuestros pedidos y servicios. Por ejemplo&#8230;<\/p>\n<h3>Pagos<\/h3>\n<p>Aceptamos pagos con PayPal. Durante el proceso de pago, algunos de sus datos se transmitir\u00e1n a PayPal. S\u00f3lo se revela la informaci\u00f3n necesaria para la tramitaci\u00f3n o ejecuci\u00f3n del pago, como el precio total de la compra y la informaci\u00f3n sobre el pago.<\/p>\n<p>Puede consultar la <a href=\"https:\/\/www.paypal.com\/us\/webapps\/mpp\/ua\/privacy-full\">pol\u00edtica de privacidad<\/a> de PayPal aqu\u00ed.<\/p>\n<h2>Lista de deseos de YITH:<\/h2>\n<h3>Mientras visita nuestro sitio web, rastreamos:<\/h3>\n<div>Productos que ha a\u00f1adido a su lista de deseos: Lo utilizamos para mostrarte a ti y a otros usuarios tus productos favoritos y para crear campa\u00f1as de correo electr\u00f3nico espec\u00edficas.<\/div>\n<div>Listas de deseos creadas por usted: hacemos un seguimiento de las listas de deseos creadas por usted y las hacemos visibles para el personal de la tienda.<\/div>\n<div>Tambi\u00e9n utilizamos cookies para rastrear el contenido de las listas de deseos mientras navega por nuestro sitio web.<\/div>\n<h3>Qui\u00e9n de nuestro equipo tiene acceso<\/h3>\n<div>Los miembros de nuestro equipo tienen acceso a la informaci\u00f3n que nos facilite. Por ejemplo, tanto los administradores como los jefes de tienda pueden acceder a ella:<\/div>\n<div> <\/div>\n<div>Detalles de la lista de deseos, como productos a\u00f1adidos, fecha de adici\u00f3n, nombre y configuraci\u00f3n de privacidad de sus listas de deseos.<\/div>\n<div>Los miembros de nuestro equipo tienen acceso a esta informaci\u00f3n para ofrecerte mejores ofertas en los productos que te gustan.<\/div>\n<div> <\/div>\n\n","protected":false},"excerpt":{"rendered":"","protected":false},"author":1,"featured_media":0,"parent":0,"menu_order":0,"comment_status":"closed","ping_status":"closed","template":"","meta":{"footnotes":""},"class_list":["post-2052","page","type-page","status-publish","hentry"],"jetpack_sharing_enabled":true,"_links":{"self":[{"href":"https:\/\/www.retrobuddys.com\/es\/wp-json\/wp\/v2\/pages\/2052","targetHints":{"allow":["GET"]}}],"collection":[{"href":"https:\/\/www.retrobuddys.com\/es\/wp-json\/wp\/v2\/pages"}],"about":[{"href":"https:\/\/www.retrobuddys.com\/es\/wp-json\/wp\/v2\/types\/page"}],"author":[{"embeddable":true,"href":"https:\/\/www.retrobuddys.com\/es\/wp-json\/wp\/v2\/users\/1"}],"replies":[{"embeddable":true,"href":"https:\/\/www.retrobuddys.com\/es\/wp-json\/wp\/v2\/comments?post=2052"}],"version-history":[{"count":2,"href":"https:\/\/www.retrobuddys.com\/es\/wp-json\/wp\/v2\/pages\/2052\/revisions"}],"predecessor-version":[{"id":7489,"href":"https:\/\/www.retrobuddys.com\/es\/wp-json\/wp\/v2\/pages\/2052\/revisions\/7489"}],"wp:attachment":[{"href":"https:\/\/www.retrobuddys.com\/es\/wp-json\/wp\/v2\/media?parent=2052"}],"curies":[{"name":"wp","href":"https:\/\/api.w.org\/{rel}","templated":true}]}}