{"id":2276,"date":"2022-11-03T18:19:26","date_gmt":"2022-11-03T18:19:26","guid":{"rendered":"https:\/\/www.retrobuddys.com\/imprint\/"},"modified":"2025-03-27T05:55:26","modified_gmt":"2025-03-27T05:55:26","slug":"imprint","status":"publish","type":"page","link":"https:\/\/www.retrobuddys.com\/en\/imprint\/","title":{"rendered":"Imprint"},"content":{"rendered":"\n<h1 class=\"p1\"><b>Imprint<\/b><\/h1>\n<p class=\"p2\"><b>Information<\/b><b> <\/b><b>according to<\/b><b> <\/b><b>\u00a7<\/b><b> <\/b><b>5<\/b><b> <\/b><b>TMG<\/b><\/p>\n<p class=\"p3\">CompuSys Beratungs- und Beteiligungsgesellschaft mbH<br>Hattsmoor 22<br>22417 Hamburg<\/p>\n<p class=\"p6\">Commercial register: HR-B 152142 Registration court: Hamburg<\/p>\n<p class=\"p6\"><b>Represented<\/b><b> <\/b><b>by:<br><\/b>Peter Jaeger<\/p>\n<p class=\"p10\"><span class=\"s5\"><b>contact<br><\/b><\/span>Phone: +49 40 &#8211; 8221 60 710<br>Fax: +49 40 &#8211; 450 633 73<br>E-Mail:<span class=\"s4\"> <a href=\"mailto:info@retrobuddys.com\">info@retrobuddys.com<\/a><\/span><\/p>\n<p class=\"p10\"><span class=\"s5\"><b>Sales tax ID<br><\/b><\/span>Sales tax identification number according to \u00a7 27 a sales tax law: DE347610141<\/p>\n<p class=\"p2\"><b>Editorial<\/b><b>responsibility<\/b><b> <\/b><b><br> Peter Jaeger, Hattsmoor 22, 22417 Hamburg<\/b><\/p>\n<p class=\"p10\"><span class=\"s5\"><b>EU dispute resolution<br><\/b><\/span>The European Commission provides a platform for online dispute resolution (OS): <a href=\"https:\/\/ec.europa.eu\/consumers\/odr\/\"><span class=\"s7\">https:\/\/ec.europa.eu\/consumers\/odr\/<\/span><\/a>.<\/p>\n<p class=\"p4\">You can find our e-mail address in the imprint above.<\/p>\n<p class=\"p10\"><span class=\"s3\"><b>Consumer dispute resolution\/universal arbitration board<br><\/b><\/span>We participate in a dispute resolution procedure before a consumer arbitration board. The universal arbitration board of the Zentrum f\u00fcr Schlichtung e.V., Stra\u00dfburger Stra\u00dfe 8, 77694 Kehl am Rhein, Germany (<span class=\"s3\">\n  <a href=\"https:\/\/www.verbraucher-schlichter.de\/\">https:\/\/www.verbraucher-schlichter.de<\/a>\n<\/span><span class=\"s4\">).<\/span><\/p>\n<p class=\"p4\"><span class=\"s5\">Source: <\/span><span class=\"s3\">\n  <a href=\"https:\/\/www.e-recht24.de\/impressum-generator.html\">https:\/\/www.e-recht24.de\/impressum-generator.html<\/a>\n<\/span><\/p>\n<div class=\"woocommerce woocommerce-gzd woocommerce-gzd-complaints-shortcode\">\n\t\t\t<h3>Alternative Dispute Resolution in accordance with Art. 14 (1) ODR-VO and \u00a7 36 VSBG:<\/h3>\n\t\nWir sind bereit, an einem au\u00dfergerichtlichen Schlichtungsverfahren teilzunehmen.<\/div>\n\n","protected":false},"excerpt":{"rendered":"","protected":false},"author":1,"featured_media":0,"parent":0,"menu_order":0,"comment_status":"closed","ping_status":"closed","template":"","meta":{"footnotes":""},"class_list":["post-2276","page","type-page","status-publish","hentry"],"jetpack_sharing_enabled":true,"_links":{"self":[{"href":"https:\/\/www.retrobuddys.com\/en\/wp-json\/wp\/v2\/pages\/2276","targetHints":{"allow":["GET"]}}],"collection":[{"href":"https:\/\/www.retrobuddys.com\/en\/wp-json\/wp\/v2\/pages"}],"about":[{"href":"https:\/\/www.retrobuddys.com\/en\/wp-json\/wp\/v2\/types\/page"}],"author":[{"embeddable":true,"href":"https:\/\/www.retrobuddys.com\/en\/wp-json\/wp\/v2\/users\/1"}],"replies":[{"embeddable":true,"href":"https:\/\/www.retrobuddys.com\/en\/wp-json\/wp\/v2\/comments?post=2276"}],"version-history":[{"count":2,"href":"https:\/\/www.retrobuddys.com\/en\/wp-json\/wp\/v2\/pages\/2276\/revisions"}],"predecessor-version":[{"id":7485,"href":"https:\/\/www.retrobuddys.com\/en\/wp-json\/wp\/v2\/pages\/2276\/revisions\/7485"}],"wp:attachment":[{"href":"https:\/\/www.retrobuddys.com\/en\/wp-json\/wp\/v2\/media?parent=2276"}],"curies":[{"name":"wp","href":"https:\/\/api.w.org\/{rel}","templated":true}]}}